{"id":748,"date":"2021-11-04T20:22:58","date_gmt":"2021-11-04T20:22:58","guid":{"rendered":"http:\/\/www.czechhandballcamp.cz\/?page_id=748"},"modified":"2022-10-30T02:08:08","modified_gmt":"2022-10-30T02:08:08","slug":"program-campu","status":"publish","type":"page","link":"https:\/\/www.czechhandballcamp.cz\/index.php\/program-campu\/","title":{"rendered":"DENN\u00cd PROGRAM"},"content":{"rendered":"\n<p class=\"has-text-align-center\"><strong>DENN\u00cd PROGRAM<\/strong><sup> ORIENTA\u010cN\u00cd<\/sup>\u00a0<\/p>\n\n\n\n<p class=\"has-text-align-center\"><strong>07:00h &#8230; bud\u00ed\u010dek<\/strong><\/p>\n\n\n\n<p class=\"has-text-align-center\">07:15h &#8230; v\u00fdb\u011bh &#8222;dobrovoln\u00fd&#8220;<\/p>\n\n\n\n<p class=\"has-text-align-center\">08:00h &#8230; sn\u00eddan\u011b<\/p>\n\n\n\n<p class=\"has-text-align-center\"><strong>09:30h &#8211; 11:30h &#8230; tr\u00e9nink I.<\/strong><\/p>\n\n\n\n<p class=\"has-text-align-center\">12:00h &#8230; ob\u011bd<\/p>\n\n\n\n<p class=\"has-text-align-center\"><strong>14:30h &#8211; 16:30h &#8230; tr\u00e9nink\u00a0II.<\/strong><\/p>\n\n\n\n<p class=\"has-text-align-center\">17:30h &#8230; ve\u010de\u0159e<\/p>\n\n\n\n<p class=\"has-text-align-center\"><strong>19:00h &#8211; 20:30h &#8230; tr\u00e9nink III.<\/strong><\/p>\n\n\n\n<p class=\"has-text-align-center\">20:45h &#8230; relax z\u00f3na (sauna a chlad\u00edc\u00ed baz\u00e9nek, v\u00ed\u0159ivka) <\/p>\n\n\n\n<p class=\"has-text-align-center\">21:00h &#8230; ve\u010de\u0159e druh\u00e1 mazac\u00ed\u00a0<\/p>\n\n\n\n<p class=\"has-text-align-center\"><strong>22:00h &#8230; ve\u010derka\u00a0<\/strong><\/p>\n","protected":false},"excerpt":{"rendered":"<p>DENN\u00cd PROGRAM ORIENTA\u010cN\u00cd\u00a0 07:00h &#8230; bud\u00ed\u010dek 07:15h &#8230; v\u00fdb\u011bh &#8222;dobrovoln\u00fd&#8220; 08:00h &#8230; sn\u00eddan\u011b 09:30h &#8211; 11:30h &#8230; tr\u00e9nink I. 12:00h &#8230; ob\u011bd 14:30h &#8211; 16:30h &#8230; tr\u00e9nink\u00a0II. 17:30h &#8230; ve\u010de\u0159e 19:00h &#8211; 20:30h &#8230; tr\u00e9nink III. 20:45h &#8230; relax z\u00f3na (sauna a chlad\u00edc\u00ed baz\u00e9nek, v\u00ed\u0159ivka) 21:00h &#8230; ve\u010de\u0159e druh\u00e1 mazac\u00ed\u00a0 22:00h &#8230; ve\u010derka\u00a0<\/p>\n","protected":false},"author":1,"featured_media":0,"parent":0,"menu_order":0,"comment_status":"closed","ping_status":"closed","template":"","meta":{"footnotes":""},"class_list":["post-748","page","type-page","status-publish","hentry"],"_links":{"self":[{"href":"https:\/\/www.czechhandballcamp.cz\/index.php\/wp-json\/wp\/v2\/pages\/748","targetHints":{"allow":["GET"]}}],"collection":[{"href":"https:\/\/www.czechhandballcamp.cz\/index.php\/wp-json\/wp\/v2\/pages"}],"about":[{"href":"https:\/\/www.czechhandballcamp.cz\/index.php\/wp-json\/wp\/v2\/types\/page"}],"author":[{"embeddable":true,"href":"https:\/\/www.czechhandballcamp.cz\/index.php\/wp-json\/wp\/v2\/users\/1"}],"replies":[{"embeddable":true,"href":"https:\/\/www.czechhandballcamp.cz\/index.php\/wp-json\/wp\/v2\/comments?post=748"}],"version-history":[{"count":4,"href":"https:\/\/www.czechhandballcamp.cz\/index.php\/wp-json\/wp\/v2\/pages\/748\/revisions"}],"predecessor-version":[{"id":1004,"href":"https:\/\/www.czechhandballcamp.cz\/index.php\/wp-json\/wp\/v2\/pages\/748\/revisions\/1004"}],"wp:attachment":[{"href":"https:\/\/www.czechhandballcamp.cz\/index.php\/wp-json\/wp\/v2\/media?parent=748"}],"curies":[{"name":"wp","href":"https:\/\/api.w.org\/{rel}","templated":true}]}}